{"id":581,"date":"2016-04-05T09:25:09","date_gmt":"2016-04-05T09:25:09","guid":{"rendered":"http:\/\/www.klastrmechatronika.cz\/en\/?page_id=581"},"modified":"2016-04-05T09:26:04","modified_gmt":"2016-04-05T09:26:04","slug":"clenstvi-v-klastru","status":"publish","type":"page","link":"https:\/\/www.klastrmechatronika.cz\/en\/clenstvi-v-klastru\/","title":{"rendered":"Membership"},"content":{"rendered":"<p>Admission of new members to the Cluster is governed by our regulations:<\/p>\n<p><a href=\"http:\/\/www.klastrmechatronika.cz\/wp-content\/uploads\/2015\/12\/Stanovy_20130923.pdf\">Stanovy_20150923<\/a><\/p>\n<p>Application form to join Klastr MECHATRONIKA, z.s.:<\/p>\n<p><a href=\"http:\/\/www.klastrmechatronika.cz\/wp-content\/uploads\/2015\/12\/P\u0159ihl\u00e1\u0161ka-do-klastru-MECATRINIKA.doc\">P\u0159ihl\u00e1\u0161ka do Klastru MECHATRONIKA<\/a><\/p>\n","protected":false},"excerpt":{"rendered":"<p>Admission of new members to the Cluster is governed by our regulations: Stanovy_20150923 Application form to join Klastr MECHATRONIKA, z.s.: P\u0159ihl\u00e1\u0161ka do Klastru MECHATRONIKA<\/p>\n","protected":false},"author":2,"featured_media":0,"parent":0,"menu_order":0,"comment_status":"closed","ping_status":"closed","template":"","meta":[],"_links":{"self":[{"href":"https:\/\/www.klastrmechatronika.cz\/en\/wp-json\/wp\/v2\/pages\/581"}],"collection":[{"href":"https:\/\/www.klastrmechatronika.cz\/en\/wp-json\/wp\/v2\/pages"}],"about":[{"href":"https:\/\/www.klastrmechatronika.cz\/en\/wp-json\/wp\/v2\/types\/page"}],"author":[{"embeddable":true,"href":"https:\/\/www.klastrmechatronika.cz\/en\/wp-json\/wp\/v2\/users\/2"}],"replies":[{"embeddable":true,"href":"https:\/\/www.klastrmechatronika.cz\/en\/wp-json\/wp\/v2\/comments?post=581"}],"version-history":[{"count":2,"href":"https:\/\/www.klastrmechatronika.cz\/en\/wp-json\/wp\/v2\/pages\/581\/revisions"}],"predecessor-version":[{"id":583,"href":"https:\/\/www.klastrmechatronika.cz\/en\/wp-json\/wp\/v2\/pages\/581\/revisions\/583"}],"wp:attachment":[{"href":"https:\/\/www.klastrmechatronika.cz\/en\/wp-json\/wp\/v2\/media?parent=581"}],"curies":[{"name":"wp","href":"https:\/\/api.w.org\/{rel}","templated":true}]}}