{"id":215,"date":"2015-11-05T13:56:42","date_gmt":"2015-11-05T13:56:42","guid":{"rendered":"http:\/\/www.klastrmechatronika.cz\/en\/?page_id=215"},"modified":"2019-04-24T08:28:49","modified_gmt":"2019-04-24T08:28:49","slug":"cluster-management","status":"publish","type":"page","link":"https:\/\/www.klastrmechatronika.cz\/en\/about-klastr\/cluster-management\/","title":{"rendered":"Executive Board"},"content":{"rendered":"\n<h2>Members The Executive Board of Klastr MECHATRONIKA z.s.<\/h2>\n<h3>President of the Executive Board<\/h3>\n<ul>\n<li>Michal Zemko, Ph.D. \u00a0\u00a0\u00a0\u00a0\u00a0\u00a0\u00a0\u00a0\u00a0\u00a0\u00a0\u00a0\u00a0\u00a0\u00a0\u00a0\u00a0\u00a0 <a href=\"mailto:prezident@klastrmechatronika.cz\">prezident@klastrmechatronika.cz<\/a><\/li>\n<\/ul>\n<h3>Vice Presidents of the Executive Board<\/h3>\n<ul>\n<li>Roman Cermak, Ph.D.<\/li>\n<li>Karel Kubr<\/li>\n<\/ul>\n<h3>Members of the Executive Board<\/h3>\n<ul>\n<li>Radka Tryl\u010dov\u00e1<\/li>\n<li>Ji\u0159\u00ed Bart\u00e1k<\/li>\n<\/ul>\n\n\n<h3><\/h3>\n","protected":false},"excerpt":{"rendered":"<p>Members The Executive Board of Klastr MECHATRONIKA z.s. President of the Executive Board Michal Zemko, Ph.D. \u00a0\u00a0\u00a0\u00a0\u00a0\u00a0\u00a0\u00a0\u00a0\u00a0\u00a0\u00a0\u00a0\u00a0\u00a0\u00a0\u00a0\u00a0 prezident@klastrmechatronika.cz Vice Presidents of the Executive Board Roman Cermak, Ph.D. Karel Kubr Members of the Executive Board Radka Tryl\u010dov\u00e1 Ji\u0159\u00ed Bart\u00e1k<\/p>\n","protected":false},"author":2,"featured_media":0,"parent":195,"menu_order":0,"comment_status":"closed","ping_status":"closed","template":"","meta":[],"_links":{"self":[{"href":"https:\/\/www.klastrmechatronika.cz\/en\/wp-json\/wp\/v2\/pages\/215"}],"collection":[{"href":"https:\/\/www.klastrmechatronika.cz\/en\/wp-json\/wp\/v2\/pages"}],"about":[{"href":"https:\/\/www.klastrmechatronika.cz\/en\/wp-json\/wp\/v2\/types\/page"}],"author":[{"embeddable":true,"href":"https:\/\/www.klastrmechatronika.cz\/en\/wp-json\/wp\/v2\/users\/2"}],"replies":[{"embeddable":true,"href":"https:\/\/www.klastrmechatronika.cz\/en\/wp-json\/wp\/v2\/comments?post=215"}],"version-history":[{"count":10,"href":"https:\/\/www.klastrmechatronika.cz\/en\/wp-json\/wp\/v2\/pages\/215\/revisions"}],"predecessor-version":[{"id":1468,"href":"https:\/\/www.klastrmechatronika.cz\/en\/wp-json\/wp\/v2\/pages\/215\/revisions\/1468"}],"up":[{"embeddable":true,"href":"https:\/\/www.klastrmechatronika.cz\/en\/wp-json\/wp\/v2\/pages\/195"}],"wp:attachment":[{"href":"https:\/\/www.klastrmechatronika.cz\/en\/wp-json\/wp\/v2\/media?parent=215"}],"curies":[{"name":"wp","href":"https:\/\/api.w.org\/{rel}","templated":true}]}}