{"id":199,"date":"2015-11-05T13:52:36","date_gmt":"2015-11-05T13:52:36","guid":{"rendered":"http:\/\/www.klastrmechatronika.cz\/en\/?page_id=199"},"modified":"2019-05-13T11:24:39","modified_gmt":"2019-05-13T11:24:39","slug":"overseeing-board","status":"publish","type":"page","link":"https:\/\/www.klastrmechatronika.cz\/en\/about-klastr\/overseeing-board\/","title":{"rendered":"Supervisory Board"},"content":{"rendered":"<p>Overseeing Board is one of the society authorities. It is elected by general meeting of shareholders.<\/p>\n<p>Overseeing Board of the Mechatronics Cluster (Klastr MECHATRONIKA, z.s.) has following members:<\/p>\n<ul>\n<li>Karel Z\u00e1le\u0161\u00e1k<\/li>\n<li>Vladim\u00edr Baxa<\/li>\n<li>Karel P\u0159\u00edhoda<\/li>\n<\/ul>\n","protected":false},"excerpt":{"rendered":"<p>Overseeing Board is one of the society authorities. It is elected by general meeting of shareholders. Overseeing Board of the Mechatronics Cluster (Klastr MECHATRONIKA, z.s.) has following members: Karel Z\u00e1le\u0161\u00e1k Vladim\u00edr Baxa Karel P\u0159\u00edhoda<\/p>\n","protected":false},"author":2,"featured_media":0,"parent":195,"menu_order":0,"comment_status":"closed","ping_status":"closed","template":"","meta":[],"_links":{"self":[{"href":"https:\/\/www.klastrmechatronika.cz\/en\/wp-json\/wp\/v2\/pages\/199"}],"collection":[{"href":"https:\/\/www.klastrmechatronika.cz\/en\/wp-json\/wp\/v2\/pages"}],"about":[{"href":"https:\/\/www.klastrmechatronika.cz\/en\/wp-json\/wp\/v2\/types\/page"}],"author":[{"embeddable":true,"href":"https:\/\/www.klastrmechatronika.cz\/en\/wp-json\/wp\/v2\/users\/2"}],"replies":[{"embeddable":true,"href":"https:\/\/www.klastrmechatronika.cz\/en\/wp-json\/wp\/v2\/comments?post=199"}],"version-history":[{"count":4,"href":"https:\/\/www.klastrmechatronika.cz\/en\/wp-json\/wp\/v2\/pages\/199\/revisions"}],"predecessor-version":[{"id":1547,"href":"https:\/\/www.klastrmechatronika.cz\/en\/wp-json\/wp\/v2\/pages\/199\/revisions\/1547"}],"up":[{"embeddable":true,"href":"https:\/\/www.klastrmechatronika.cz\/en\/wp-json\/wp\/v2\/pages\/195"}],"wp:attachment":[{"href":"https:\/\/www.klastrmechatronika.cz\/en\/wp-json\/wp\/v2\/media?parent=199"}],"curies":[{"name":"wp","href":"https:\/\/api.w.org\/{rel}","templated":true}]}}