{"id":670,"date":"2016-04-08T12:45:24","date_gmt":"2016-04-08T12:45:24","guid":{"rendered":"http:\/\/www.klastrmechatronika.cz\/de\/?page_id=670"},"modified":"2016-04-08T13:04:08","modified_gmt":"2016-04-08T13:04:08","slug":"mitgliedschaft-im-cluster","status":"publish","type":"page","link":"https:\/\/www.klastrmechatronika.cz\/de\/mitgliedschaft-im-cluster\/","title":{"rendered":"Mitgliedschaft im Cluster"},"content":{"rendered":"<p>Neue Clustermitglieder werden entsprechend der Vereinssatzung aufgenommen:<\/p>\n<p><a href=\"http:\/\/www.klastrmechatronika.cz\/wp-content\/uploads\/2015\/12\/Stanovy_20130923.pdf\">Satzung_20150923<\/a><\/p>\n<p>Anmeldung zur Mitgliedschaft in Klastr MECHATRONIKA z.s.:<\/p>\n<p><a href=\"http:\/\/www.klastrmechatronika.cz\/wp-content\/uploads\/2015\/12\/P\u0159ihl\u00e1\u0161ka-do-klastru-MECATRINIKA.doc\">Anmeldung in Klastr MECHATRONIKA<\/a><\/p>\n","protected":false},"excerpt":{"rendered":"<p>Neue Clustermitglieder werden entsprechend der Vereinssatzung aufgenommen: Satzung_20150923 Anmeldung zur Mitgliedschaft in Klastr MECHATRONIKA z.s.: Anmeldung in Klastr MECHATRONIKA<\/p>\n","protected":false},"author":2,"featured_media":0,"parent":0,"menu_order":0,"comment_status":"closed","ping_status":"closed","template":"","meta":[],"_links":{"self":[{"href":"https:\/\/www.klastrmechatronika.cz\/de\/wp-json\/wp\/v2\/pages\/670"}],"collection":[{"href":"https:\/\/www.klastrmechatronika.cz\/de\/wp-json\/wp\/v2\/pages"}],"about":[{"href":"https:\/\/www.klastrmechatronika.cz\/de\/wp-json\/wp\/v2\/types\/page"}],"author":[{"embeddable":true,"href":"https:\/\/www.klastrmechatronika.cz\/de\/wp-json\/wp\/v2\/users\/2"}],"replies":[{"embeddable":true,"href":"https:\/\/www.klastrmechatronika.cz\/de\/wp-json\/wp\/v2\/comments?post=670"}],"version-history":[{"count":4,"href":"https:\/\/www.klastrmechatronika.cz\/de\/wp-json\/wp\/v2\/pages\/670\/revisions"}],"predecessor-version":[{"id":681,"href":"https:\/\/www.klastrmechatronika.cz\/de\/wp-json\/wp\/v2\/pages\/670\/revisions\/681"}],"wp:attachment":[{"href":"https:\/\/www.klastrmechatronika.cz\/de\/wp-json\/wp\/v2\/media?parent=670"}],"curies":[{"name":"wp","href":"https:\/\/api.w.org\/{rel}","templated":true}]}}