{"id":668,"date":"2016-04-08T12:43:22","date_gmt":"2016-04-08T12:43:22","guid":{"rendered":"http:\/\/www.klastrmechatronika.cz\/de\/?page_id=668"},"modified":"2016-04-08T13:03:30","modified_gmt":"2016-04-08T13:03:30","slug":"ausrichtung-des-clusters","status":"publish","type":"page","link":"https:\/\/www.klastrmechatronika.cz\/de\/ueber-klastr\/ausrichtung-des-clusters\/","title":{"rendered":"Ausrichtung des Clusters"},"content":{"rendered":"<h2>Technische Aus- und Weiterbildung (TVZ)<\/h2>\n<ul>\n<li>Vernetzung der Mittelschulen \u2013 auf Basis von einem Sch\u00fclerunternehmen \u2013 Funktionieren des Unternehmens, wobei die Schulen als einzelne Organisationseinheiten auftreten\n<ul>\n<li>im Rahmen des Kreises, der Region<\/li>\n<li>im grenz\u00fcberschreitenden Rahmen \/ Deutsch<\/li>\n<li>Plattform f\u00fcr Firmen und Eltern \u2013 Interesse \/ L\u00f6sung im Bereich der technischen Aus- und Weiterbildung \u2013 (www Portal \/ Facebook\u2026\u2026 andere Kommunikationskan\u00e4le)<\/li>\n<\/ul>\n<\/li>\n<li>Reale Verkn\u00fcpfung von Firmen und Sch\u00fclern \/ Studenten, praktische Sch\u00fclererfahrungen in Verbindung mit dem Unterricht\n<ul>\n<li>Unterricht an Mittelschulen seitens Hochschullehrer\n<ul>\n<li>Z\u010cU (Westb\u00f6hmische Universit\u00e4t)<\/li>\n<li>Stavebn\u00ed fakulta (Fakult\u00e4t f\u00fcr Bauwesen)<\/li>\n<li>NTM (Technisches Nationalmuseum) , NP\u00da (Nationales Denkmalschutzinstitut)<\/li>\n<li>Mitbeteiligung von Firmen an dem Unterricht<\/li>\n<\/ul>\n<\/li>\n<li>L\u00f6sung konkreter Aufgaben \u2013 Verdienstm\u00f6glichkeit beim Studium<\/li>\n<li>Stipendien \u2013 f\u00fcr konkrete Sch\u00fcler und Studenten<\/li>\n<li>Fachpraktiken in Firmen, Studienaufenthalte, Jobben<\/li>\n<\/ul>\n<\/li>\n<li>Gesamtes Unterrichtskonzept\n<ul>\n<li>Kinderg\u00e4rten, Grundschulen, Mittelschulen, Hochschulen \u2013 \u00dcberwindung von Barrieren unterschiedlichen Schultr\u00e4ger<\/li>\n<li>Mehrsprachigkeit \u2013 Orientierung auf Deutsch \u2013 Nachfrage in der Region<\/li>\n<\/ul>\n<\/li>\n<\/ul>\n<h2>Nationalinitiative \u2013 Pr\u016fmysl (Industrie) 4.0 \u2013 Digitalisierung von Gesch\u00e4ftsprozessen<\/h2>\n<ul>\n<li>Digitalisierung von Gesch\u00e4ftsprozessen, Digitalisierung von Unterst\u00fctzung der Qualit\u00e4tssteuerung \u2013 f\u00fcr kleine und mittlere Firmen\n<ul>\n<li>Raum zwischen klassischen ERP-Applikationen und spezialisierten SW \u2013 Konstruktions-SW usw.<\/li>\n<li>tragende Prozesse, die f\u00fcr Schl\u00fcsselvorg\u00e4nge sowohl aus der Sicht der Kosten als auch f\u00fcr die Gesamtentwicklung einer Firma zu halten sind<\/li>\n<\/ul>\n<\/li>\n<li>Nutzung der Workflow-Technologie\n<ul>\n<li>Ausgangsinformationen auf einem viel h\u00f6heren Niveau<\/li>\n<li>von dem Nutzer beschaffene Informationen \u2013 w\u00e4hrend des Prozesses betreffend das jeweilige Objekt<\/li>\n<li>von dem System gesammelte Informationen, nachberechnet<\/li>\n<li>Bindungsinformationen \u2013 Filter \/ Verzeichnisse<\/li>\n<li>Anschlussm\u00f6glichkeit an weitere SW<\/li>\n<li>Zutritt auch von Mobileinrichtungen (\u201ecloud\u201c)<\/li>\n<\/ul>\n<\/li>\n<li>eGOV \u2013 gleiches Prinzip auch im Bereich der Staatsverwaltung<\/li>\n<\/ul>\n<p><a href=\"http:\/\/www.klastrmechatronika.cz\/wp-content\/uploads\/2015\/12\/Pr\u016fmysl-4.0.pdf\">Pr\u016fmysl 4.0<\/a><\/p>\n","protected":false},"excerpt":{"rendered":"<p>Technische Aus- und Weiterbildung (TVZ) Vernetzung der Mittelschulen \u2013 auf Basis von einem Sch\u00fclerunternehmen \u2013 Funktionieren des Unternehmens, wobei die Schulen als einzelne Organisationseinheiten auftreten im Rahmen des Kreises, der Region im grenz\u00fcberschreitenden Rahmen \/ Deutsch Plattform f\u00fcr Firmen und Eltern \u2013 Interesse \/ L\u00f6sung im Bereich der technischen Aus- und Weiterbildung \u2013 (www Portal [&hellip;]<\/p>\n","protected":false},"author":2,"featured_media":0,"parent":197,"menu_order":0,"comment_status":"closed","ping_status":"closed","template":"","meta":[],"_links":{"self":[{"href":"https:\/\/www.klastrmechatronika.cz\/de\/wp-json\/wp\/v2\/pages\/668"}],"collection":[{"href":"https:\/\/www.klastrmechatronika.cz\/de\/wp-json\/wp\/v2\/pages"}],"about":[{"href":"https:\/\/www.klastrmechatronika.cz\/de\/wp-json\/wp\/v2\/types\/page"}],"author":[{"embeddable":true,"href":"https:\/\/www.klastrmechatronika.cz\/de\/wp-json\/wp\/v2\/users\/2"}],"replies":[{"embeddable":true,"href":"https:\/\/www.klastrmechatronika.cz\/de\/wp-json\/wp\/v2\/comments?post=668"}],"version-history":[{"count":1,"href":"https:\/\/www.klastrmechatronika.cz\/de\/wp-json\/wp\/v2\/pages\/668\/revisions"}],"predecessor-version":[{"id":669,"href":"https:\/\/www.klastrmechatronika.cz\/de\/wp-json\/wp\/v2\/pages\/668\/revisions\/669"}],"up":[{"embeddable":true,"href":"https:\/\/www.klastrmechatronika.cz\/de\/wp-json\/wp\/v2\/pages\/197"}],"wp:attachment":[{"href":"https:\/\/www.klastrmechatronika.cz\/de\/wp-json\/wp\/v2\/media?parent=668"}],"curies":[{"name":"wp","href":"https:\/\/api.w.org\/{rel}","templated":true}]}}