{"id":223,"date":"2015-11-05T14:00:17","date_gmt":"2015-11-05T14:00:17","guid":{"rendered":"http:\/\/www.klastrmechatronika.cz\/de\/?page_id=223"},"modified":"2016-04-05T14:57:32","modified_gmt":"2016-04-05T14:57:32","slug":"stellvertretung","status":"publish","type":"page","link":"https:\/\/www.klastrmechatronika.cz\/de\/ueber-klastr\/stellvertretung\/","title":{"rendered":"Cluster-Partnerschaften"},"content":{"rendered":"<p><a href=\"http:\/\/www.klastrmechatronika.cz\/wp-content\/uploads\/2015\/11\/mechatronik_forum.png\"><img loading=\"lazy\" class=\"size-medium wp-image-127 alignright\" src=\"http:\/\/www.klastrmechatronika.cz\/wp-content\/uploads\/2015\/11\/mechatronik_forum-226x300.png\" alt=\"mechatronik_forum\" width=\"226\" height=\"300\" srcset=\"https:\/\/www.klastrmechatronika.cz\/wp-content\/uploads\/2015\/11\/mechatronik_forum-226x300.png 226w, https:\/\/www.klastrmechatronika.cz\/wp-content\/uploads\/2015\/11\/mechatronik_forum.png 437w\" sizes=\"(max-width: 226px) 100vw, 226px\" \/><\/a><\/p>\n<p>Klastr MECHATRONIKA z.s. ist seit September 2011 Mitglied des europ\u00e4ischen mechatronischen Clusternetzes.<\/p>\n<p>Klastr MECHATRONIKA z.s. arbeitet aktiv in der Kommission f\u00fcr technische Aus- und Weiterbildung beim Kreis Pilsen.<\/p>\n<p>Kommission f\u00fcr technische Aus- und Weiterbildung beim Kreis Pilsen:<\/p>\n<ul>\n<li><a href=\"http:\/\/www.plzensky-kraj.cz\/cs\/clanek\/komise-pro-technicke-vzdelavani-v-plzenskem-kraji\">http:\/\/www.plzensky-kraj.cz\/cs\/clanek\/komise-pro-technicke-vzdelavani-v-plzenskem-kraji<\/a><\/li>\n<\/ul>\n<p>Klastr MECHATRONIKA z.s. ist Mitglied des Industrierats an der Fakult\u00e4t f\u00fcr Maschinenbau der Westb\u00f6hmischen Universit\u00e4t in Pilsen:<\/p>\n<ul>\n<li><a href=\"http:\/\/www.klastrmechatronika.cz\/wp-content\/uploads\/2015\/11\/Z\u010cU_Pr\u016fmyslov\u00e1-rada.pdf\">Z\u010cU_Pr\u016fmyslov\u00e1 rada<\/a><\/li>\n<\/ul>\n<p>Klastr MECHATRONIKA z.s. ist Bestandteil der Kenntnisplattform Mapa klastr\u016f (Clusterkarte) im Rahmen der Europ\u00e4ischen Region Donau-Moldau (ERDV). Die Kenntnisplattform dient zum Kooperieren von Unternehmen und Clustern mittels Internetrecherche, direkter Kontaktaufnahme und R\u00fcckkopplung von den Clusterf\u00fchrungen und steht zurzeit unter folgender Adresse zum Herunterladen:<\/p>\n<ul>\n<li><a href=\"http:\/\/www.evropskyregion.cz\/cs\/clanky\/mapa-klastru-erdv-287.html\">http:\/\/www.evropskyregion.cz\/cs\/clanky\/mapa-klastru-erdv-287.html<\/a><\/li>\n<li><a href=\"http:\/\/www.klastrmechatronika.cz\/wp-content\/uploads\/2015\/11\/03Clusterlandkarte_EDM_Mapa_klastru_ERDV.pdf\">03Clusterlandkarte_EDM_Mapa_klastru_ERDV<\/a><\/li>\n<\/ul>\n<p>Klastr MECHATRONIKA z.s arbeitet mit der Agentur Czechinvest zusammen<\/p>\n<ul>\n<li><a href=\"http:\/\/www.czechinvest.org\/klastry\">http:\/\/www.czechinvest.org\/klastry<\/a><\/li>\n<\/ul>\n<p>Klastr MECHATRONIKA z.s arbeitet mit Kreis Pilsen zusammen und ist Bestandteil seiner Strategien:<\/p>\n<ul>\n<li><a href=\"http:\/\/www.klastrmechatronika.cz\/wp-content\/uploads\/2015\/11\/ris3_priloha_pk-2.pdf\">ris3_priloha_pk-2<\/a><\/li>\n<li><a href=\"http:\/\/www.klastrmechatronika.cz\/wp-content\/uploads\/2015\/11\/situacni_zprava_o_vyzkumu_vyvoji_a_inovacich_v_pk_rijen_2013.pdf\">situacni_zprava_o_vyzkumu_vyvoji_a_inovacich_v_pk_rijen_2013<\/a><\/li>\n<\/ul>\n","protected":false},"excerpt":{"rendered":"<p>Klastr MECHATRONIKA z.s. ist seit September 2011 Mitglied des europ\u00e4ischen mechatronischen Clusternetzes. Klastr MECHATRONIKA z.s. arbeitet aktiv in der Kommission f\u00fcr technische Aus- und Weiterbildung beim Kreis Pilsen. Kommission f\u00fcr technische Aus- und Weiterbildung beim Kreis Pilsen: http:\/\/www.plzensky-kraj.cz\/cs\/clanek\/komise-pro-technicke-vzdelavani-v-plzenskem-kraji Klastr MECHATRONIKA z.s. ist Mitglied des Industrierats an der Fakult\u00e4t f\u00fcr Maschinenbau der Westb\u00f6hmischen Universit\u00e4t in Pilsen: [&hellip;]<\/p>\n","protected":false},"author":2,"featured_media":0,"parent":197,"menu_order":0,"comment_status":"closed","ping_status":"closed","template":"","meta":[],"_links":{"self":[{"href":"https:\/\/www.klastrmechatronika.cz\/de\/wp-json\/wp\/v2\/pages\/223"}],"collection":[{"href":"https:\/\/www.klastrmechatronika.cz\/de\/wp-json\/wp\/v2\/pages"}],"about":[{"href":"https:\/\/www.klastrmechatronika.cz\/de\/wp-json\/wp\/v2\/types\/page"}],"author":[{"embeddable":true,"href":"https:\/\/www.klastrmechatronika.cz\/de\/wp-json\/wp\/v2\/users\/2"}],"replies":[{"embeddable":true,"href":"https:\/\/www.klastrmechatronika.cz\/de\/wp-json\/wp\/v2\/comments?post=223"}],"version-history":[{"count":3,"href":"https:\/\/www.klastrmechatronika.cz\/de\/wp-json\/wp\/v2\/pages\/223\/revisions"}],"predecessor-version":[{"id":660,"href":"https:\/\/www.klastrmechatronika.cz\/de\/wp-json\/wp\/v2\/pages\/223\/revisions\/660"}],"up":[{"embeddable":true,"href":"https:\/\/www.klastrmechatronika.cz\/de\/wp-json\/wp\/v2\/pages\/197"}],"wp:attachment":[{"href":"https:\/\/www.klastrmechatronika.cz\/de\/wp-json\/wp\/v2\/media?parent=223"}],"curies":[{"name":"wp","href":"https:\/\/api.w.org\/{rel}","templated":true}]}}