{"id":217,"date":"2015-11-05T13:56:59","date_gmt":"2015-11-05T13:56:59","guid":{"rendered":"http:\/\/www.klastrmechatronika.cz\/de\/?page_id=217"},"modified":"2019-05-31T07:06:49","modified_gmt":"2019-05-31T07:06:49","slug":"vorstand","status":"publish","type":"page","link":"https:\/\/www.klastrmechatronika.cz\/de\/ueber-klastr\/vorstand\/","title":{"rendered":"Vollzugsrat"},"content":{"rendered":"<p>Bei der Cluster-Vollversammlung am 23.9.2015 wurde eine neue Zusammensetzung des Vollzugsrats gew\u00e4hlt<\/p>\n<h2>Zusammensetzung des Rats von Cluster MECHATRONIKA z.s.<\/h2>\n<h3>Pr\u00e4sident des Vollzugsrats<\/h3>\n<ul>\n<li>Ing. Michal Zemko Ph. D. \u00a0\u00a0\u00a0\u00a0\u00a0\u00a0\u00a0\u00a0\u00a0\u00a0\u00a0\u00a0\u00a0\u00a0\u00a0\u00a0\u00a0\u00a0\u00a0\u00a0\u00a0\u00a0\u00a0 <a href=\"mailto:prezident@klastrmechatronika.cz\">prezident@klastrmechatronika.cz<\/a><\/li>\n<\/ul>\n<h3>Vizepr\u00e4sidenten des Vollzugsrats<\/h3>\n<ul>\n<li>Ing. Roman \u010cerm\u00e1k, Ph.D. \u00a0\u00a0\u00a0\u00a0\u00a0\u00a0\u00a0\u00a0\u00a0\u00a0\u00a0\u00a0\u00a0\u00a0 \u00a0\u00a0\u00a0\u00a0\u00a0 <a href=\"mailto:klastr@klastrmechatronika.cz\">klastr@klastrmechatronika.cz<\/a><\/li>\n<li>Karel Kubr\u00a0\u00a0\u00a0\u00a0\u00a0\u00a0\u00a0\u00a0\u00a0\u00a0\u00a0\u00a0\u00a0\u00a0\u00a0\u00a0\u00a0\u00a0\u00a0\u00a0\u00a0\u00a0\u00a0\u00a0\u00a0\u00a0\u00a0\u00a0\u00a0\u00a0\u00a0\u00a0\u00a0\u00a0\u00a0\u00a0\u00a0\u00a0\u00a0\u00a0\u00a0\u00a0\u00a0\u00a0\u00a0\u00a0\u00a0\u00a0\u00a0\u00a0 <a href=\"mailto:klastr@klastrmechatronika.cz\">klastr@klastrmechatronika.cz<\/a><\/li>\n<\/ul>\n<h3>Mitglieder des Vollzugsrats<\/h3>\n<ul>\n<li>Mgr. Radka Tryl\u010dov\u00e1 \u00a0\u00a0\u00a0\u00a0\u00a0\u00a0\u00a0\u00a0\u00a0\u00a0\u00a0\u00a0\u00a0\u00a0\u00a0\u00a0\u00a0\u00a0\u00a0\u00a0\u00a0\u00a0\u00a0\u00a0\u00a0\u00a0\u00a0\u00a0\u00a0\u00a0\u00a0 \u00a0 <a href=\"mailto:klastr@klastrmechatronika.cz\">klastr@klastrmechatronika.cz<\/a><\/li>\n<li>Ing. Ji\u0159\u00ed Bart\u00e1k\u00a0 \u00a0\u00a0\u00a0\u00a0\u00a0 \u00a0 \u00a0\u00a0 \u00a0\u00a0\u00a0\u00a0\u00a0\u00a0\u00a0\u00a0\u00a0\u00a0\u00a0\u00a0\u00a0\u00a0\u00a0\u00a0\u00a0\u00a0\u00a0\u00a0\u00a0\u00a0\u00a0\u00a0\u00a0\u00a0\u00a0 \u00a0\u00a0 <a href=\"mailto:klastr@klastrmechatronika.cz\">klastr@klastrmechatronika.cz<\/a><\/li>\n<\/ul>\n\n\n<h3><\/h3>\n","protected":false},"excerpt":{"rendered":"<p>Bei der Cluster-Vollversammlung am 23.9.2015 wurde eine neue Zusammensetzung des Vollzugsrats gew\u00e4hlt Zusammensetzung des Rats von Cluster MECHATRONIKA z.s. Pr\u00e4sident des Vollzugsrats Ing. Michal Zemko Ph. D. \u00a0\u00a0\u00a0\u00a0\u00a0\u00a0\u00a0\u00a0\u00a0\u00a0\u00a0\u00a0\u00a0\u00a0\u00a0\u00a0\u00a0\u00a0\u00a0\u00a0\u00a0\u00a0\u00a0 prezident@klastrmechatronika.cz Vizepr\u00e4sidenten des Vollzugsrats Ing. Roman \u010cerm\u00e1k, Ph.D. \u00a0\u00a0\u00a0\u00a0\u00a0\u00a0\u00a0\u00a0\u00a0\u00a0\u00a0\u00a0\u00a0\u00a0 \u00a0\u00a0\u00a0\u00a0\u00a0 klastr@klastrmechatronika.cz Karel Kubr\u00a0\u00a0\u00a0\u00a0\u00a0\u00a0\u00a0\u00a0\u00a0\u00a0\u00a0\u00a0\u00a0\u00a0\u00a0\u00a0\u00a0\u00a0\u00a0\u00a0\u00a0\u00a0\u00a0\u00a0\u00a0\u00a0\u00a0\u00a0\u00a0\u00a0\u00a0\u00a0\u00a0\u00a0\u00a0\u00a0\u00a0\u00a0\u00a0\u00a0\u00a0\u00a0\u00a0\u00a0\u00a0\u00a0\u00a0\u00a0\u00a0\u00a0 klastr@klastrmechatronika.cz Mitglieder des Vollzugsrats Mgr. Radka Tryl\u010dov\u00e1 \u00a0\u00a0\u00a0\u00a0\u00a0\u00a0\u00a0\u00a0\u00a0\u00a0\u00a0\u00a0\u00a0\u00a0\u00a0\u00a0\u00a0\u00a0\u00a0\u00a0\u00a0\u00a0\u00a0\u00a0\u00a0\u00a0\u00a0\u00a0\u00a0\u00a0\u00a0 \u00a0 klastr@klastrmechatronika.cz Ing. Ji\u0159\u00ed Bart\u00e1k\u00a0 \u00a0\u00a0\u00a0\u00a0\u00a0 [&hellip;]<\/p>\n","protected":false},"author":2,"featured_media":0,"parent":197,"menu_order":0,"comment_status":"closed","ping_status":"closed","template":"","meta":[],"_links":{"self":[{"href":"https:\/\/www.klastrmechatronika.cz\/de\/wp-json\/wp\/v2\/pages\/217"}],"collection":[{"href":"https:\/\/www.klastrmechatronika.cz\/de\/wp-json\/wp\/v2\/pages"}],"about":[{"href":"https:\/\/www.klastrmechatronika.cz\/de\/wp-json\/wp\/v2\/types\/page"}],"author":[{"embeddable":true,"href":"https:\/\/www.klastrmechatronika.cz\/de\/wp-json\/wp\/v2\/users\/2"}],"replies":[{"embeddable":true,"href":"https:\/\/www.klastrmechatronika.cz\/de\/wp-json\/wp\/v2\/comments?post=217"}],"version-history":[{"count":8,"href":"https:\/\/www.klastrmechatronika.cz\/de\/wp-json\/wp\/v2\/pages\/217\/revisions"}],"predecessor-version":[{"id":1590,"href":"https:\/\/www.klastrmechatronika.cz\/de\/wp-json\/wp\/v2\/pages\/217\/revisions\/1590"}],"up":[{"embeddable":true,"href":"https:\/\/www.klastrmechatronika.cz\/de\/wp-json\/wp\/v2\/pages\/197"}],"wp:attachment":[{"href":"https:\/\/www.klastrmechatronika.cz\/de\/wp-json\/wp\/v2\/media?parent=217"}],"curies":[{"name":"wp","href":"https:\/\/api.w.org\/{rel}","templated":true}]}}