{"id":201,"date":"2015-11-05T13:52:50","date_gmt":"2015-11-05T13:52:50","guid":{"rendered":"http:\/\/www.klastrmechatronika.cz\/de\/?page_id=201"},"modified":"2019-05-13T11:23:29","modified_gmt":"2019-05-13T11:23:29","slug":"aufsichtsrat","status":"publish","type":"page","link":"https:\/\/www.klastrmechatronika.cz\/de\/ueber-klastr\/aufsichtsrat\/","title":{"rendered":"Aufsichtsrat"},"content":{"rendered":"<p>Bei der Cluster-Vollversammlung am 23.9.2015 wurde eine neue Zusammensetzung des Aufsichtsrats gew\u00e4hlt<\/p>\n<h2>Zusammensetzung des Aufsichtsrats von Cluster MECHATRONIKA z.s.<\/h2>\n<h3><\/h3>\n<ul>\n<li>\u00a0Karel Z\u00e1le\u0161\u00e1k\u00a0\u00a0\u00a0\u00a0\u00a0\u00a0\u00a0\u00a0\u00a0\u00a0\u00a0\u00a0\u00a0\u00a0\u00a0\u00a0\u00a0\u00a0\u00a0\u00a0\u00a0\u00a0\u00a0\u00a0\u00a0\u00a0\u00a0\u00a0\u00a0\u00a0\u00a0\u00a0\u00a0\u00a0\u00a0\u00a0\u00a0\u00a0<a href=\"mailto:klastr@klastrmechatronika.cz\">klastr@klastrmechatronika.cz<\/a><\/li>\n<li>\u00a0Vladim\u00edr Baxa<\/li>\n<li>\u00a0Karel P\u0159\u00edhoda<\/li>\n<\/ul>\n\n","protected":false},"excerpt":{"rendered":"<p>Bei der Cluster-Vollversammlung am 23.9.2015 wurde eine neue Zusammensetzung des Aufsichtsrats gew\u00e4hlt Zusammensetzung des Aufsichtsrats von Cluster MECHATRONIKA z.s. \u00a0Karel Z\u00e1le\u0161\u00e1k\u00a0\u00a0\u00a0\u00a0\u00a0\u00a0\u00a0\u00a0\u00a0\u00a0\u00a0\u00a0\u00a0\u00a0\u00a0\u00a0\u00a0\u00a0\u00a0\u00a0\u00a0\u00a0\u00a0\u00a0\u00a0\u00a0\u00a0\u00a0\u00a0\u00a0\u00a0\u00a0\u00a0\u00a0\u00a0\u00a0\u00a0\u00a0klastr@klastrmechatronika.cz \u00a0Vladim\u00edr Baxa \u00a0Karel P\u0159\u00edhoda<\/p>\n","protected":false},"author":2,"featured_media":0,"parent":197,"menu_order":0,"comment_status":"closed","ping_status":"closed","template":"","meta":[],"_links":{"self":[{"href":"https:\/\/www.klastrmechatronika.cz\/de\/wp-json\/wp\/v2\/pages\/201"}],"collection":[{"href":"https:\/\/www.klastrmechatronika.cz\/de\/wp-json\/wp\/v2\/pages"}],"about":[{"href":"https:\/\/www.klastrmechatronika.cz\/de\/wp-json\/wp\/v2\/types\/page"}],"author":[{"embeddable":true,"href":"https:\/\/www.klastrmechatronika.cz\/de\/wp-json\/wp\/v2\/users\/2"}],"replies":[{"embeddable":true,"href":"https:\/\/www.klastrmechatronika.cz\/de\/wp-json\/wp\/v2\/comments?post=201"}],"version-history":[{"count":6,"href":"https:\/\/www.klastrmechatronika.cz\/de\/wp-json\/wp\/v2\/pages\/201\/revisions"}],"predecessor-version":[{"id":1545,"href":"https:\/\/www.klastrmechatronika.cz\/de\/wp-json\/wp\/v2\/pages\/201\/revisions\/1545"}],"up":[{"embeddable":true,"href":"https:\/\/www.klastrmechatronika.cz\/de\/wp-json\/wp\/v2\/pages\/197"}],"wp:attachment":[{"href":"https:\/\/www.klastrmechatronika.cz\/de\/wp-json\/wp\/v2\/media?parent=201"}],"curies":[{"name":"wp","href":"https:\/\/api.w.org\/{rel}","templated":true}]}}