{"id":183,"date":"2015-11-05T13:44:09","date_gmt":"2015-11-05T13:44:09","guid":{"rendered":"http:\/\/www.klastrmechatronika.cz\/de\/?page_id=183"},"modified":"2025-02-04T07:23:41","modified_gmt":"2025-02-04T07:23:41","slug":"kontakt","status":"publish","type":"page","link":"https:\/\/www.klastrmechatronika.cz\/de\/kontakt\/","title":{"rendered":"Kontakt"},"content":{"rendered":"<h2>Klastr MECHATRONIKA, z.s.<\/h2>\n<p><strong>Pr\u016fmyslov\u00e1 1298, 334 41 Dob\u0159any<\/strong><br \/>\n<strong>IR:\u00a0\u00a0\u00a0 22890629<\/strong><br \/>\n<span lang=\"en-US\">Bundesregister des Landgerichts in Pilsen , Abschnitt L , Eintrag 6008<\/span><br \/>\nDatenbox: <strong>kpapsk8<\/strong><br \/>\nemail: <a href=\"mailto:mechatronika@ctpav.tech\"><strong>mechatronika@ctpav.tech<\/strong><\/a><\/p>\n\n<p>Cluster Manager:\u00a0 \u00a0 \u00a0 \u00a0 \u00a0 <strong>\u00a0<a href=\"mailto:katerina.podana@klastrmechatronika.cz\">Kate\u0159ina Podan\u00e1<\/a>\u00a0 \u00a0<\/strong> \u00a0 \u00a0 \u00a0 \u00a0 \u00a0 \u00a0 \u00a0 \u00a0 \u00a0 \u00a0 \u00a0 \u00a0 \u00a0 \u00a0 \u00a0\u00a0<strong><strong><br \/>\n<\/strong><\/strong><\/p>\n<p>Pr\u00e4sident:\u00a0\u00a0\u00a0\u00a0\u00a0\u00a0\u00a0\u00a0\u00a0\u00a0\u00a0\u00a0\u00a0\u00a0\u00a0\u00a0\u00a0\u00a0\u00a0\u00a0\u00a0\u00a0 <strong>Dipl.-Ing. Michal Zemko PhD.\u00a0\u00a0\u00a0\u00a0\u00a0<\/strong><\/p>\n<h3>Datenschutzerkl\u00e4rung:<\/h3>\n<p>Wir setzen auf unserer Seite Cookies ein. Hierbei handelt es sich um kleine Dateien, die Ihr Browser automatisch erstellt und die auf Ihrem Endger\u00e4t (Laptop, Tablet, Smartphone o.\u00e4.) gespeichert werden, wenn Sie unsere Seite besuchen. Cookies richten auf Ihrem Endger\u00e4t keinen Schaden an, enthalten keine Viren, Trojaner oder sonstige Schadsoftware. In dem Cookie werden Informationen abgelegt, die sich jeweils im Zusammenhang mit dem spezifisch eingesetzten Endger\u00e4t ergeben. Dies bedeutet jedoch nicht, dass wir dadurch unmittelbar Kenntnis von Ihrer Identit\u00e4t erhalten.<br \/>\nWir setzen Cookies ein, um die Nutzung unserer Website statistisch zu erfassen und zum Zwecke der Optimierung unseres Angebotes f\u00fcr Sie auszuwerten. Diese Cookies erm\u00f6glichen es uns, bei einem erneuten Besuch unserer Seite automatisch zu erkennen, dass Sie bereits bei uns waren. Diese Cookies werden nach einer jeweils definierten Zeit automatisch gel\u00f6scht.<br \/>\nDie meisten Browser akzeptieren Cookies automatisch. Sie k\u00f6nnen Ihren Browser jedoch so konfigurieren, dass keine Cookies auf Ihrem Computer gespeichert werden oder stets ein Hinweis erscheint, bevor ein neuer Cookie angelegt wird. Die vollst\u00e4ndige Deaktivierung von Cookies kann jedoch dazu f\u00fchren, dass Sie nicht alle Funktionen unserer Website nutzen k\u00f6nnen.<\/p>\n","protected":false},"excerpt":{"rendered":"<p>Klastr MECHATRONIKA, z.s. Pr\u016fmyslov\u00e1 1298, 334 41 Dob\u0159any IR:\u00a0\u00a0\u00a0 22890629 Bundesregister des Landgerichts in Pilsen , Abschnitt L , Eintrag 6008 Datenbox: kpapsk8 email: mechatronika@ctpav.tech Cluster Manager:\u00a0 \u00a0 \u00a0 \u00a0 \u00a0 \u00a0Kate\u0159ina Podan\u00e1\u00a0 \u00a0 \u00a0 \u00a0 \u00a0 \u00a0 \u00a0 \u00a0 \u00a0 \u00a0 \u00a0 \u00a0 \u00a0 \u00a0 \u00a0 \u00a0 \u00a0\u00a0 Pr\u00e4sident:\u00a0\u00a0\u00a0\u00a0\u00a0\u00a0\u00a0\u00a0\u00a0\u00a0\u00a0\u00a0\u00a0\u00a0\u00a0\u00a0\u00a0\u00a0\u00a0\u00a0\u00a0\u00a0 Dipl.-Ing. Michal Zemko PhD.\u00a0\u00a0\u00a0\u00a0\u00a0 Datenschutzerkl\u00e4rung: [&hellip;]<\/p>\n","protected":false},"author":2,"featured_media":0,"parent":0,"menu_order":0,"comment_status":"closed","ping_status":"closed","template":"","meta":[],"_links":{"self":[{"href":"https:\/\/www.klastrmechatronika.cz\/de\/wp-json\/wp\/v2\/pages\/183"}],"collection":[{"href":"https:\/\/www.klastrmechatronika.cz\/de\/wp-json\/wp\/v2\/pages"}],"about":[{"href":"https:\/\/www.klastrmechatronika.cz\/de\/wp-json\/wp\/v2\/types\/page"}],"author":[{"embeddable":true,"href":"https:\/\/www.klastrmechatronika.cz\/de\/wp-json\/wp\/v2\/users\/2"}],"replies":[{"embeddable":true,"href":"https:\/\/www.klastrmechatronika.cz\/de\/wp-json\/wp\/v2\/comments?post=183"}],"version-history":[{"count":19,"href":"https:\/\/www.klastrmechatronika.cz\/de\/wp-json\/wp\/v2\/pages\/183\/revisions"}],"predecessor-version":[{"id":4000,"href":"https:\/\/www.klastrmechatronika.cz\/de\/wp-json\/wp\/v2\/pages\/183\/revisions\/4000"}],"wp:attachment":[{"href":"https:\/\/www.klastrmechatronika.cz\/de\/wp-json\/wp\/v2\/media?parent=183"}],"curies":[{"name":"wp","href":"https:\/\/api.w.org\/{rel}","templated":true}]}}