{"id":179,"date":"2015-11-05T13:34:23","date_gmt":"2015-11-05T13:34:23","guid":{"rendered":"http:\/\/www.klastrmechatronika.cz\/de\/?page_id=179"},"modified":"2016-04-08T13:13:45","modified_gmt":"2016-04-08T13:13:45","slug":"staatsverwaltung","status":"publish","type":"page","link":"https:\/\/www.klastrmechatronika.cz\/de\/informationen\/staatsverwaltung\/","title":{"rendered":"Staatsverwaltung"},"content":{"rendered":"<p>Zurzeit sorgen f\u00fcr verschiedene Bildungsstufen unterschiedliche Schultr\u00e4ger.<\/p>\n<p>Das Ziel des Clusters ist es also, die Zusammenarbeit:<\/p>\n<ul>\n<li>mit St\u00e4dten und Gemeinden als den Kindergarten- und Grundschultr\u00e4gern<\/li>\n<li>mit Kreis\u00e4mtern als den Mittelschultr\u00e4gern<\/li>\n<li>mit dem Ministerium als dem Hochschultr\u00e4ger zu sichern<\/li>\n<\/ul>\n","protected":false},"excerpt":{"rendered":"<p>Zurzeit sorgen f\u00fcr verschiedene Bildungsstufen unterschiedliche Schultr\u00e4ger. Das Ziel des Clusters ist es also, die Zusammenarbeit: mit St\u00e4dten und Gemeinden als den Kindergarten- und Grundschultr\u00e4gern mit Kreis\u00e4mtern als den Mittelschultr\u00e4gern mit dem Ministerium als dem Hochschultr\u00e4ger zu sichern<\/p>\n","protected":false},"author":2,"featured_media":0,"parent":167,"menu_order":0,"comment_status":"closed","ping_status":"closed","template":"","meta":[],"_links":{"self":[{"href":"https:\/\/www.klastrmechatronika.cz\/de\/wp-json\/wp\/v2\/pages\/179"}],"collection":[{"href":"https:\/\/www.klastrmechatronika.cz\/de\/wp-json\/wp\/v2\/pages"}],"about":[{"href":"https:\/\/www.klastrmechatronika.cz\/de\/wp-json\/wp\/v2\/types\/page"}],"author":[{"embeddable":true,"href":"https:\/\/www.klastrmechatronika.cz\/de\/wp-json\/wp\/v2\/users\/2"}],"replies":[{"embeddable":true,"href":"https:\/\/www.klastrmechatronika.cz\/de\/wp-json\/wp\/v2\/comments?post=179"}],"version-history":[{"count":3,"href":"https:\/\/www.klastrmechatronika.cz\/de\/wp-json\/wp\/v2\/pages\/179\/revisions"}],"predecessor-version":[{"id":688,"href":"https:\/\/www.klastrmechatronika.cz\/de\/wp-json\/wp\/v2\/pages\/179\/revisions\/688"}],"up":[{"embeddable":true,"href":"https:\/\/www.klastrmechatronika.cz\/de\/wp-json\/wp\/v2\/pages\/167"}],"wp:attachment":[{"href":"https:\/\/www.klastrmechatronika.cz\/de\/wp-json\/wp\/v2\/media?parent=179"}],"curies":[{"name":"wp","href":"https:\/\/api.w.org\/{rel}","templated":true}]}}