{"id":175,"date":"2015-11-05T13:33:11","date_gmt":"2015-11-05T13:33:11","guid":{"rendered":"http:\/\/www.klastrmechatronika.cz\/de\/?page_id=175"},"modified":"2016-04-22T10:01:28","modified_gmt":"2016-04-22T10:01:28","slug":"schule","status":"publish","type":"page","link":"https:\/\/www.klastrmechatronika.cz\/de\/informationen\/schule\/","title":{"rendered":"Schulen"},"content":{"rendered":"<p>Es besteht das Interesse, alle Stufen der technischen Ausbildung in das Cluster allm\u00e4hlich einzubinden.<\/p>\n<p>Heute sind Mittelschulen und die Westb\u00f6hmische Universit\u00e4t in Pilsen Mitglieder des Clusters.<\/p>\n<p>Durch die Einbindung der Tr\u00e4ger von Kinderg\u00e4rten und Grundschulen kann die technische Aus- und Weiterbildung an allen ihren Stufen im Clusterrahmen unterst\u00fctzt werden.<\/p>\n","protected":false},"excerpt":{"rendered":"<p>Es besteht das Interesse, alle Stufen der technischen Ausbildung in das Cluster allm\u00e4hlich einzubinden. Heute sind Mittelschulen und die Westb\u00f6hmische Universit\u00e4t in Pilsen Mitglieder des Clusters. Durch die Einbindung der Tr\u00e4ger von Kinderg\u00e4rten und Grundschulen kann die technische Aus- und Weiterbildung an allen ihren Stufen im Clusterrahmen unterst\u00fctzt werden.<\/p>\n","protected":false},"author":2,"featured_media":0,"parent":167,"menu_order":0,"comment_status":"closed","ping_status":"closed","template":"","meta":[],"_links":{"self":[{"href":"https:\/\/www.klastrmechatronika.cz\/de\/wp-json\/wp\/v2\/pages\/175"}],"collection":[{"href":"https:\/\/www.klastrmechatronika.cz\/de\/wp-json\/wp\/v2\/pages"}],"about":[{"href":"https:\/\/www.klastrmechatronika.cz\/de\/wp-json\/wp\/v2\/types\/page"}],"author":[{"embeddable":true,"href":"https:\/\/www.klastrmechatronika.cz\/de\/wp-json\/wp\/v2\/users\/2"}],"replies":[{"embeddable":true,"href":"https:\/\/www.klastrmechatronika.cz\/de\/wp-json\/wp\/v2\/comments?post=175"}],"version-history":[{"count":3,"href":"https:\/\/www.klastrmechatronika.cz\/de\/wp-json\/wp\/v2\/pages\/175\/revisions"}],"predecessor-version":[{"id":723,"href":"https:\/\/www.klastrmechatronika.cz\/de\/wp-json\/wp\/v2\/pages\/175\/revisions\/723"}],"up":[{"embeddable":true,"href":"https:\/\/www.klastrmechatronika.cz\/de\/wp-json\/wp\/v2\/pages\/167"}],"wp:attachment":[{"href":"https:\/\/www.klastrmechatronika.cz\/de\/wp-json\/wp\/v2\/media?parent=175"}],"curies":[{"name":"wp","href":"https:\/\/api.w.org\/{rel}","templated":true}]}}