{"id":169,"date":"2015-11-05T13:28:56","date_gmt":"2015-11-05T13:28:56","guid":{"rendered":"http:\/\/www.klastrmechatronika.cz\/de\/?page_id=169"},"modified":"2016-04-05T14:32:01","modified_gmt":"2016-04-05T14:32:01","slug":"firma","status":"publish","type":"page","link":"https:\/\/www.klastrmechatronika.cz\/de\/informationen\/firma\/","title":{"rendered":"Firmen"},"content":{"rendered":"<p>Prof. E. Leeder:<\/p>\n<ul>\n<li>Gerade in dem Zweig wie Mechatronik, in dem die Zusammenarbeit vieler Objekte notwendig ist, hat sich Cluster als ein geeignetes Mittel globaler Konkurrenzf\u00e4higkeit bew\u00e4hrt.<\/li>\n<li>Ein Cluster st\u00e4rkt die St\u00e4rken; es wird ein Kern bestimmter Kompetenzen gebildet, der in der Zusammenarbeit einzelner geb\u00fcndelter Clusterunternehmen weiter entwickelt und gest\u00e4rkt wird. Ohne diesen Kompetenzkern kann sich das Cluster nicht entwickeln. Es muss hier also eine bestimmte Fachkompetenz geben. Um diese Kompetenz versammeln sich gerne, freiwillig und mit hohem Arbeitsengagement die Nachlieferanten, die an deren weiterer Verbesserung und Vervollkommnung arbeiten.<\/li>\n<\/ul>\n<p>Gesellschaften, die heute im Cluster MECHATRONIKA geb\u00fcndelt sind:<\/p>\n<ul>\n<li>Gesellschaften, die sich mit der Forschung und Entwicklung im Bereich Mechatronik besch\u00e4ftigen<\/li>\n<li>Gesellschaften, die \u201emechatronisches\u201c Produkt selber herstellen<\/li>\n<li>Gesellschaften, die Komponenten f\u00fcr \u201emechatronisches\u201c Produkt selber herstellen<\/li>\n<li>Gesellschaften, die sich mit Aus- und Weiterbildung im Bereich Mechatronik und technische Ausbildung besch\u00e4ftigen<\/li>\n<li>Gesellschaften, die sich auf Konsultationsdienste, Dienste im ITC-Bereich spezialisieren<\/li>\n<\/ul>\n","protected":false},"excerpt":{"rendered":"<p>Prof. E. Leeder: Gerade in dem Zweig wie Mechatronik, in dem die Zusammenarbeit vieler Objekte notwendig ist, hat sich Cluster als ein geeignetes Mittel globaler Konkurrenzf\u00e4higkeit bew\u00e4hrt. Ein Cluster st\u00e4rkt die St\u00e4rken; es wird ein Kern bestimmter Kompetenzen gebildet, der in der Zusammenarbeit einzelner geb\u00fcndelter Clusterunternehmen weiter entwickelt und gest\u00e4rkt wird. Ohne diesen Kompetenzkern kann [&hellip;]<\/p>\n","protected":false},"author":2,"featured_media":0,"parent":167,"menu_order":0,"comment_status":"closed","ping_status":"closed","template":"","meta":[],"_links":{"self":[{"href":"https:\/\/www.klastrmechatronika.cz\/de\/wp-json\/wp\/v2\/pages\/169"}],"collection":[{"href":"https:\/\/www.klastrmechatronika.cz\/de\/wp-json\/wp\/v2\/pages"}],"about":[{"href":"https:\/\/www.klastrmechatronika.cz\/de\/wp-json\/wp\/v2\/types\/page"}],"author":[{"embeddable":true,"href":"https:\/\/www.klastrmechatronika.cz\/de\/wp-json\/wp\/v2\/users\/2"}],"replies":[{"embeddable":true,"href":"https:\/\/www.klastrmechatronika.cz\/de\/wp-json\/wp\/v2\/comments?post=169"}],"version-history":[{"count":3,"href":"https:\/\/www.klastrmechatronika.cz\/de\/wp-json\/wp\/v2\/pages\/169\/revisions"}],"predecessor-version":[{"id":649,"href":"https:\/\/www.klastrmechatronika.cz\/de\/wp-json\/wp\/v2\/pages\/169\/revisions\/649"}],"up":[{"embeddable":true,"href":"https:\/\/www.klastrmechatronika.cz\/de\/wp-json\/wp\/v2\/pages\/167"}],"wp:attachment":[{"href":"https:\/\/www.klastrmechatronika.cz\/de\/wp-json\/wp\/v2\/media?parent=169"}],"curies":[{"name":"wp","href":"https:\/\/api.w.org\/{rel}","templated":true}]}}